{"id":2,"date":"2016-05-10T03:48:21","date_gmt":"2016-05-10T03:48:21","guid":{"rendered":"https:\/\/archiking.de\/?page_id=2"},"modified":"2023-02-01T15:42:03","modified_gmt":"2023-02-01T15:42:03","slug":"sample-page","status":"publish","type":"page","link":"https:\/\/archiking.de\/shop\/sample-page\/","title":{"rendered":"Hallo"},"content":{"rendered":"\t\t<div data-elementor-type=\"wp-post\" data-elementor-id=\"2\" class=\"elementor elementor-2\">\n\t\t\t\t\t\t<section class=\"elementor-section elementor-top-section elementor-element elementor-element-7ab6161 elementor-section-boxed elementor-section-height-default elementor-section-height-default\" data-id=\"7ab6161\" data-element_type=\"section\" data-e-type=\"section\">\n\t\t\t\t\t\t<div class=\"elementor-container elementor-column-gap-default\">\n\t\t\t\t\t<div class=\"elementor-column elementor-col-100 elementor-top-column elementor-element elementor-element-5f75f92\" data-id=\"5f75f92\" data-element_type=\"column\" data-e-type=\"column\">\n\t\t\t<div class=\"elementor-widget-wrap elementor-element-populated\">\n\t\t\t\t\t\t<section class=\"elementor-section elementor-inner-section elementor-element elementor-element-00a565c elementor-section-boxed elementor-section-height-default elementor-section-height-default\" data-id=\"00a565c\" data-element_type=\"section\" data-e-type=\"section\">\n\t\t\t\t\t\t<div class=\"elementor-container elementor-column-gap-default\">\n\t\t\t\t\t<div class=\"elementor-column elementor-col-50 elementor-inner-column elementor-element elementor-element-18a8503\" data-id=\"18a8503\" data-element_type=\"column\" data-e-type=\"column\">\n\t\t\t<div class=\"elementor-widget-wrap elementor-element-populated\">\n\t\t\t\t\t\t<div class=\"elementor-element elementor-element-b16317e elementor-widget elementor-widget-text-editor\" data-id=\"b16317e\" data-element_type=\"widget\" data-e-type=\"widget\" data-widget_type=\"text-editor.default\">\n\t\t\t\t<div class=\"elementor-widget-container\">\n\t\t\t\t\t\t\t\t\t<p>und herzlich willkommen auf meiner Internetseite.<\/p>\n<p>Da ich selten Fernsehen schaue, au\u00dfer ausgew\u00e4hlte Fu\u00dfballspiele, Talk-Shows, Nachrichten und Herzkino, habe ich viel Zeit zum nachdenken, Ideen zu kreieren, zum Malen, Fotos zu machen, zu Schreiben oder mich in der Musik zu versuchen. Ich gebe zu, das ich von allem wenig Ahnung habe, sagen wir mal einige Grundkenntnisse vielleicht, aber ich versuche es trotzdem. Gestern habe ich mich in der K\u00fcche engagiert und nach einem Internetrezept ein Tiroler Gr\u00f6stl zubereitet. Auch hier bin ich ein blutiger Anf\u00e4nger, aber es hat trotzdem&nbsp;geschmeckt. Seit 2012 bin ich BU-Rentner.&nbsp;Es bleibt also viel Zeit f\u00fcr&nbsp;Dinge, die mir wichtig erscheinen und die mir gut tun. Das w\u00fcnsche ich noch mehr Menschen, auch den vermeintlich Gesunden, deshalb unterst\u00fctze ich die Idee des Bedingungslosen Grundeinkommens. Auch die fr\u00fchere T\u00e4tigkeit als Architekt habe ich gern gehabt. Ich bin seit 2012 wieder Single und habe 3 erwachsene S\u00f6hne. So, nun genug der Vorrede, st\u00f6bern Sie einfach weiter.<\/p>\n<p>Liebe Gr\u00fc\u00dfe,<\/p>\n<p>Ralf K\u00f6nig alias archiking<\/p>\n<p><br><\/p>\n<p><noscript>;br \/&amp;amp;amp;gt;&amp;amp;lt;br \/&amp;amp;gt;&amp;lt;br \/&amp;gt;&lt;br \/&gt;<\/p>\n<p> &amp;amp;amp;lt;iframe allowtransparency=&#8221;true&#8221; framespacing=&#8221;0&#8243; frameborder=&#8221;no&#8221; scrolling=&#8221;no&#8221; width=&#8221;728&#8243; height=&#8221;90&#8243; marginheight=&#8221;0&#8243; marginwidth=&#8221;0&#8243; style=&#8221;border:0px; display: block;&#8221; src=&#8221;http:\/\/c.webmasterplan.com\/s_noscriptad.aspx?pcid=000c7f70-20eb-2269-2aeb-e8e54b05223f&#8221;&amp;amp;amp;gt;&amp;amp;amp;lt;br \/&amp;amp;amp;gt;&amp;amp;lt;br \/&amp;amp;gt;&amp;lt;br \/&amp;gt;&lt;br \/&gt;<\/p>\n<p> &amp;amp;amp;lt;\/iframe&amp;amp;amp;gt;&amp;amp;amp;lt;br \/&amp;amp;amp;gt;&amp;amp;lt;br \/&amp;amp;gt;&amp;lt;br \/&amp;gt;&lt;br \/&gt;<\/p>\n<p><span id=\"mce_marker\" data-mce-type=\"bookmark\" data-mce-fragment=\"1\"><\/span><\/noscript><\/p>\t\t\t\t\t\t\t\t<\/div>\n\t\t\t\t<\/div>\n\t\t\t\t\t<\/div>\n\t\t<\/div>\n\t\t\t\t<div class=\"elementor-column elementor-col-50 elementor-inner-column elementor-element elementor-element-c29c90a\" data-id=\"c29c90a\" data-element_type=\"column\" data-e-type=\"column\">\n\t\t\t<div class=\"elementor-widget-wrap elementor-element-populated\">\n\t\t\t\t\t\t<div class=\"elementor-element elementor-element-4d6edbd elementor-widget elementor-widget-image\" data-id=\"4d6edbd\" data-element_type=\"widget\" data-e-type=\"widget\" data-widget_type=\"image.default\">\n\t\t\t\t<div class=\"elementor-widget-container\">\n\t\t\t\t\t\t\t\t\t\t\t\t\t\t\t\t<a href=\"https:\/\/www.amazon.de\/Memoiren-01-S%C3%BCndenfall-Ralf-K%C3%B6nig-ebook\/dp\/B07L1B56D8\/ref=sr_1_1?__mk_de_DE=%C3%85M%C3%85%C5%BD%C3%95%C3%91&#038;keywords=memoiren-01&#038;qid=1582604739&#038;sr=8-1\" target=\"_blank\">\n\t\t\t\t\t\t\t<img fetchpriority=\"high\" decoding=\"async\" width=\"300\" height=\"365\" src=\"https:\/\/archiking.de\/wp-content\/uploads\/2018\/09\/archiking.png\" class=\"attachment-large size-large wp-image-1071\" alt=\"\" srcset=\"https:\/\/archiking.de\/wp-content\/uploads\/2018\/09\/archiking.png 300w, https:\/\/archiking.de\/wp-content\/uploads\/2018\/09\/archiking-247x300.png 247w\" sizes=\"(max-width: 300px) 100vw, 300px\" \/>\t\t\t\t\t\t\t\t<\/a>\n\t\t\t\t\t\t\t\t\t\t\t\t\t\t\t<\/div>\n\t\t\t\t<\/div>\n\t\t\t\t\t<\/div>\n\t\t<\/div>\n\t\t\t\t\t<\/div>\n\t\t<\/section>\n\t\t\t\t<div class=\"elementor-element elementor-element-950d989 elementor-widget elementor-widget-google_maps\" data-id=\"950d989\" data-element_type=\"widget\" data-e-type=\"widget\" data-widget_type=\"google_maps.default\">\n\t\t\t\t<div class=\"elementor-widget-container\">\n\t\t\t\t\t\t\t<div class=\"elementor-custom-embed\">\n\t\t\t<iframe loading=\"lazy\"\n\t\t\t\t\tsrc=\"https:\/\/maps.google.com\/maps?q=Feldweg%202%2C%2007973%20Greiz&#038;t=m&#038;z=14&#038;output=embed&#038;iwloc=near\"\n\t\t\t\t\ttitle=\"Feldweg 2, 07973 Greiz\"\n\t\t\t\t\taria-label=\"Feldweg 2, 07973 Greiz\"\n\t\t\t><\/iframe>\n\t\t<\/div>\n\t\t\t\t\t\t<\/div>\n\t\t\t\t<\/div>\n\t\t\t\t\t<\/div>\n\t\t<\/div>\n\t\t\t\t\t<\/div>\n\t\t<\/section>\n\t\t\t\t<section class=\"elementor-section elementor-top-section elementor-element elementor-element-65f1283 elementor-section-boxed elementor-section-height-default elementor-section-height-default\" data-id=\"65f1283\" data-element_type=\"section\" data-e-type=\"section\">\n\t\t\t\t\t\t<div class=\"elementor-container elementor-column-gap-default\">\n\t\t\t\t\t<div class=\"elementor-column elementor-col-100 elementor-top-column elementor-element elementor-element-ca54dd5\" data-id=\"ca54dd5\" data-element_type=\"column\" data-e-type=\"column\">\n\t\t\t<div class=\"elementor-widget-wrap elementor-element-populated\">\n\t\t\t\t\t\t<div class=\"elementor-element elementor-element-7bf0f02 animated-slow elementor-invisible elementor-widget elementor-widget-progress\" data-id=\"7bf0f02\" data-element_type=\"widget\" data-e-type=\"widget\" data-settings=\"{&quot;_animation&quot;:&quot;pulse&quot;}\" data-widget_type=\"progress.default\">\n\t\t\t\t<div class=\"elementor-widget-container\">\n\t\t\t\t\t\t\t\t<span class=\"elementor-title\" id=\"elementor-progress-bar-7bf0f02\">\n\t\t\t\tMeine Fertigkeiten\t\t\t<\/span>\n\t\t\n\t\t<div aria-labelledby=\"elementor-progress-bar-7bf0f02\" class=\"elementor-progress-wrapper progress-success\" role=\"progressbar\" aria-valuemin=\"0\" aria-valuemax=\"100\" aria-valuenow=\"50\" aria-valuetext=\"50% (Webdesigner)\">\n\t\t\t<div class=\"elementor-progress-bar\" data-max=\"50\">\n\t\t\t\t<span class=\"elementor-progress-text\">Webdesigner<\/span>\n\t\t\t\t\t\t\t\t\t<span class=\"elementor-progress-percentage\">50%<\/span>\n\t\t\t\t\t\t\t<\/div>\n\t\t<\/div>\n\t\t\t\t\t\t<\/div>\n\t\t\t\t<\/div>\n\t\t\t\t<div class=\"elementor-element elementor-element-f770f3d elementor-invisible elementor-widget elementor-widget-progress\" data-id=\"f770f3d\" data-element_type=\"widget\" data-e-type=\"widget\" data-settings=\"{&quot;_animation&quot;:&quot;pulse&quot;}\" data-widget_type=\"progress.default\">\n\t\t\t\t<div class=\"elementor-widget-container\">\n\t\t\t\t\t\n\t\t<div class=\"elementor-progress-wrapper progress-success\" role=\"progressbar\" aria-valuemin=\"0\" aria-valuemax=\"100\" aria-valuenow=\"70\" aria-valuetext=\"70% (Blogger)\">\n\t\t\t<div class=\"elementor-progress-bar\" data-max=\"70\">\n\t\t\t\t<span class=\"elementor-progress-text\">Blogger<\/span>\n\t\t\t\t\t\t\t\t\t<span class=\"elementor-progress-percentage\">70%<\/span>\n\t\t\t\t\t\t\t<\/div>\n\t\t<\/div>\n\t\t\t\t\t\t<\/div>\n\t\t\t\t<\/div>\n\t\t\t\t\t<\/div>\n\t\t<\/div>\n\t\t\t\t\t<\/div>\n\t\t<\/section>\n\t\t\t\t<section class=\"elementor-section elementor-top-section elementor-element elementor-element-e33f31a elementor-section-boxed elementor-section-height-default elementor-section-height-default\" data-id=\"e33f31a\" data-element_type=\"section\" data-e-type=\"section\">\n\t\t\t\t\t\t<div class=\"elementor-container elementor-column-gap-default\">\n\t\t\t\t\t<div class=\"elementor-column elementor-col-100 elementor-top-column elementor-element elementor-element-dfd80cb\" data-id=\"dfd80cb\" data-element_type=\"column\" data-e-type=\"column\">\n\t\t\t<div class=\"elementor-widget-wrap elementor-element-populated\">\n\t\t\t\t\t\t<div class=\"elementor-element elementor-element-74507d1 elementor-invisible elementor-widget elementor-widget-progress\" data-id=\"74507d1\" data-element_type=\"widget\" data-e-type=\"widget\" data-settings=\"{&quot;_animation&quot;:&quot;pulse&quot;}\" data-widget_type=\"progress.default\">\n\t\t\t\t<div class=\"elementor-widget-container\">\n\t\t\t\t\t\n\t\t<div class=\"elementor-progress-wrapper\" role=\"progressbar\" aria-valuemin=\"0\" aria-valuemax=\"100\" aria-valuenow=\"60\" aria-valuetext=\"60% (Architekt)\">\n\t\t\t<div class=\"elementor-progress-bar\" data-max=\"60\">\n\t\t\t\t<span class=\"elementor-progress-text\">Architekt<\/span>\n\t\t\t\t\t\t\t\t\t<span class=\"elementor-progress-percentage\">60%<\/span>\n\t\t\t\t\t\t\t<\/div>\n\t\t<\/div>\n\t\t\t\t\t\t<\/div>\n\t\t\t\t<\/div>\n\t\t\t\t\t<\/div>\n\t\t<\/div>\n\t\t\t\t\t<\/div>\n\t\t<\/section>\n\t\t\t\t<section class=\"elementor-section elementor-top-section elementor-element elementor-element-3651844 elementor-section-boxed elementor-section-height-default elementor-section-height-default\" data-id=\"3651844\" data-element_type=\"section\" data-e-type=\"section\">\n\t\t\t\t\t\t<div class=\"elementor-container elementor-column-gap-default\">\n\t\t\t\t\t<div class=\"elementor-column elementor-col-100 elementor-top-column elementor-element elementor-element-a5152a2\" data-id=\"a5152a2\" data-element_type=\"column\" data-e-type=\"column\">\n\t\t\t<div class=\"elementor-widget-wrap elementor-element-populated\">\n\t\t\t\t\t\t<div class=\"elementor-element elementor-element-7ebfe75 elementor-invisible elementor-widget elementor-widget-progress\" data-id=\"7ebfe75\" data-element_type=\"widget\" data-e-type=\"widget\" data-settings=\"{&quot;_animation&quot;:&quot;pulse&quot;}\" data-widget_type=\"progress.default\">\n\t\t\t\t<div class=\"elementor-widget-container\">\n\t\t\t\t\t\n\t\t<div class=\"elementor-progress-wrapper\" role=\"progressbar\" aria-valuemin=\"0\" aria-valuemax=\"100\" aria-valuenow=\"60\" aria-valuetext=\"60% (Malerei \/ Fotografie)\">\n\t\t\t<div class=\"elementor-progress-bar\" data-max=\"60\">\n\t\t\t\t<span class=\"elementor-progress-text\">Malerei \/ Fotografie<\/span>\n\t\t\t\t\t\t\t\t\t<span class=\"elementor-progress-percentage\">60%<\/span>\n\t\t\t\t\t\t\t<\/div>\n\t\t<\/div>\n\t\t\t\t\t\t<\/div>\n\t\t\t\t<\/div>\n\t\t\t\t\t<\/div>\n\t\t<\/div>\n\t\t\t\t\t<\/div>\n\t\t<\/section>\n\t\t\t\t<section class=\"elementor-section elementor-top-section elementor-element elementor-element-2af2822 elementor-section-boxed elementor-section-height-default elementor-section-height-default\" data-id=\"2af2822\" data-element_type=\"section\" data-e-type=\"section\">\n\t\t\t\t\t\t<div class=\"elementor-container elementor-column-gap-default\">\n\t\t\t\t\t<div class=\"elementor-column elementor-col-100 elementor-top-column elementor-element elementor-element-adee72a\" data-id=\"adee72a\" data-element_type=\"column\" data-e-type=\"column\">\n\t\t\t<div class=\"elementor-widget-wrap elementor-element-populated\">\n\t\t\t\t\t\t<div class=\"elementor-element elementor-element-f75756e elementor-widget elementor-widget-video\" data-id=\"f75756e\" data-element_type=\"widget\" data-e-type=\"widget\" data-settings=\"{&quot;youtube_url&quot;:&quot;https:\\\/\\\/www.youtube.com\\\/watch?v=L5i1oXuwQs8&quot;,&quot;autoplay&quot;:&quot;yes&quot;,&quot;video_type&quot;:&quot;youtube&quot;,&quot;controls&quot;:&quot;yes&quot;}\" data-widget_type=\"video.default\">\n\t\t\t\t<div class=\"elementor-widget-container\">\n\t\t\t\t\t\t\t<div class=\"elementor-wrapper elementor-open-inline\">\n\t\t\t<div class=\"elementor-video\"><\/div>\t\t<\/div>\n\t\t\t\t\t\t<\/div>\n\t\t\t\t<\/div>\n\t\t\t\t\t<\/div>\n\t\t<\/div>\n\t\t\t\t\t<\/div>\n\t\t<\/section>\n\t\t\t\t<section class=\"elementor-section elementor-top-section elementor-element elementor-element-0946218 elementor-section-boxed elementor-section-height-default elementor-section-height-default\" data-id=\"0946218\" data-element_type=\"section\" data-e-type=\"section\">\n\t\t\t\t\t\t<div class=\"elementor-container elementor-column-gap-default\">\n\t\t\t\t\t<div class=\"elementor-column elementor-col-100 elementor-top-column elementor-element elementor-element-39bd417\" data-id=\"39bd417\" data-element_type=\"column\" data-e-type=\"column\">\n\t\t\t<div class=\"elementor-widget-wrap\">\n\t\t\t\t\t\t\t<\/div>\n\t\t<\/div>\n\t\t\t\t\t<\/div>\n\t\t<\/section>\n\t\t\t\t<section class=\"elementor-section elementor-top-section elementor-element elementor-element-bea7e91 elementor-section-boxed elementor-section-height-default elementor-section-height-default\" data-id=\"bea7e91\" data-element_type=\"section\" data-e-type=\"section\">\n\t\t\t\t\t\t<div class=\"elementor-container elementor-column-gap-default\">\n\t\t\t\t\t<div class=\"elementor-column elementor-col-100 elementor-top-column elementor-element elementor-element-8778a3f\" data-id=\"8778a3f\" data-element_type=\"column\" data-e-type=\"column\">\n\t\t\t<div class=\"elementor-widget-wrap elementor-element-populated\">\n\t\t\t\t\t\t<div class=\"elementor-element elementor-element-1e9f1f2 elementor-widget elementor-widget-text-editor\" data-id=\"1e9f1f2\" data-element_type=\"widget\" data-e-type=\"widget\" data-widget_type=\"text-editor.default\">\n\t\t\t\t<div class=\"elementor-widget-container\">\n\t\t\t\t\t\t\t\t\t<p>Werbevideo f\u00fcr das Vogtland auf Youtube. Rechte beim Tourismusverband Vogtland e.V.<\/p>\t\t\t\t\t\t\t\t<\/div>\n\t\t\t\t<\/div>\n\t\t\t\t\t<\/div>\n\t\t<\/div>\n\t\t\t\t\t<\/div>\n\t\t<\/section>\n\t\t\t\t<section class=\"elementor-section elementor-top-section elementor-element elementor-element-dc2da8a elementor-section-boxed elementor-section-height-default elementor-section-height-default\" data-id=\"dc2da8a\" data-element_type=\"section\" data-e-type=\"section\">\n\t\t\t\t\t\t<div class=\"elementor-container elementor-column-gap-default\">\n\t\t\t\t\t<div class=\"elementor-column elementor-col-100 elementor-top-column elementor-element elementor-element-dffc3e0\" data-id=\"dffc3e0\" data-element_type=\"column\" data-e-type=\"column\">\n\t\t\t<div class=\"elementor-widget-wrap elementor-element-populated\">\n\t\t\t\t\t\t<div class=\"elementor-element elementor-element-6c957c6 elementor-widget elementor-widget-html\" data-id=\"6c957c6\" data-element_type=\"widget\" data-e-type=\"widget\" data-widget_type=\"html.default\">\n\t\t\t\t<div class=\"elementor-widget-container\">\n\t\t\t\t\t<iframe  src=\"https:\/\/player.radioking.io\/radio-greiz\/?c=%231e7fcb&c2=%23ffffff&f=v&i=1&p=1&s=1&li=1&popup=1&plc=0&h=365&l=275&v=2\" style=\"border-radius: 5px; width: 275px; height: 365px; \" frameBorder=\"0\" ><\/iframe><script type=\"text\/javascript\" src=\"https:\/\/player.radioking.io\/scripts\/iframe.bundle.js\"><\/script>\t\t\t\t<\/div>\n\t\t\t\t<\/div>\n\t\t\t\t\t<\/div>\n\t\t<\/div>\n\t\t\t\t\t<\/div>\n\t\t<\/section>\n\t\t\t\t<\/div>\n\t\t <div class=\"page_counter_label\"><span class=\"page_counter_text\" style=\"color:#000000;background:#FFFFFF;\">Total Page Visits: 3650 - Today Page Visits: 0<\/span><\/div>","protected":false},"excerpt":{"rendered":"<p>und herzlich willkommen auf meiner Internetseite. Da ich selten Fernsehen schaue, au\u00dfer ausgew\u00e4hlte Fu\u00dfballspiele, habe ich viel Zeit zum nachdenken, Ideen zu kreieren, zum malen, Fotos zu machen oder mich in der Musik zu versuchen. Ich gebe zu, das ich von allem wenig Ahnung habe, sagen wir mal einige Grundkenntnisse vielleicht, aber ich versuche es [&hellip;]<\/p>\n","protected":false},"author":1,"featured_media":0,"parent":0,"menu_order":0,"comment_status":"closed","ping_status":"closed","template":"","meta":{"footnotes":""},"class_list":["post-2","page","type-page","status-publish","hentry"],"_links":{"self":[{"href":"https:\/\/archiking.de\/shop\/wp-json\/wp\/v2\/pages\/2","targetHints":{"allow":["GET"]}}],"collection":[{"href":"https:\/\/archiking.de\/shop\/wp-json\/wp\/v2\/pages"}],"about":[{"href":"https:\/\/archiking.de\/shop\/wp-json\/wp\/v2\/types\/page"}],"author":[{"embeddable":true,"href":"https:\/\/archiking.de\/shop\/wp-json\/wp\/v2\/users\/1"}],"replies":[{"embeddable":true,"href":"https:\/\/archiking.de\/shop\/wp-json\/wp\/v2\/comments?post=2"}],"version-history":[{"count":51,"href":"https:\/\/archiking.de\/shop\/wp-json\/wp\/v2\/pages\/2\/revisions"}],"predecessor-version":[{"id":1347,"href":"https:\/\/archiking.de\/shop\/wp-json\/wp\/v2\/pages\/2\/revisions\/1347"}],"wp:attachment":[{"href":"https:\/\/archiking.de\/shop\/wp-json\/wp\/v2\/media?parent=2"}],"curies":[{"name":"wp","href":"https:\/\/api.w.org\/{rel}","templated":true}]}}