{"id":273,"date":"2017-08-21T06:29:11","date_gmt":"2017-08-21T06:29:11","guid":{"rendered":"https:\/\/archiking.de\/?page_id=273"},"modified":"2017-08-22T11:01:01","modified_gmt":"2017-08-22T11:01:01","slug":"impressum","status":"publish","type":"page","link":"https:\/\/archiking.de\/shop\/impressum\/","title":{"rendered":"Impressum"},"content":{"rendered":"<div class=\"lp_teaser-content\">\n<p><strong>Verantwortlich f\u00fcr den Inhalt:<\/strong> Ralf K\u00f6nig Feldweg 2 D-07973 Greiz E-Mail:\u00a0archiking@gmx.de Telefon: +49 (0)3661 6849038 Unser Angebot enth\u00e4lt Links zu externen Webseiten Dritter, auf deren Inhalte wir keinen Einfluss haben. Deshalb k\u00f6nnen wir f\u00fcr diese fremden Inhalte auch keine Gew\u00e4hr \u00fcbernehmen. F\u00fcr die Inhalte der verlinkten Seiten ist stets der jeweilige Anbieter oder Betreiber der Seiten verantwortlich. Die verlinkten Seite\u2026<\/p>\n<\/div>\n <div class=\"page_counter_label\"><span class=\"page_counter_text\" style=\"color:#000000;background:#FFFFFF;\">Total Page Visits: 3611 - Today Page Visits: 0<\/span><\/div>","protected":false},"excerpt":{"rendered":"<p>Verantwortlich f\u00fcr den Inhalt: Ralf K\u00f6nig Feldweg 2 D-07973 Greiz E-Mail:\u00a0archiking@gmx.de Telefon: +49 (0)3661 6849038 Unser Angebot enth\u00e4lt Links zu externen Webseiten Dritter, auf deren Inhalte wir keinen Einfluss haben. Deshalb k\u00f6nnen wir f\u00fcr diese fremden Inhalte auch keine Gew\u00e4hr \u00fcbernehmen. F\u00fcr die Inhalte der verlinkten Seiten ist stets der jeweilige Anbieter oder Betreiber der [&hellip;]<\/p>\n","protected":false},"author":1,"featured_media":0,"parent":0,"menu_order":0,"comment_status":"closed","ping_status":"closed","template":"","meta":{"footnotes":""},"class_list":["post-273","page","type-page","status-publish","hentry"],"_links":{"self":[{"href":"https:\/\/archiking.de\/shop\/wp-json\/wp\/v2\/pages\/273","targetHints":{"allow":["GET"]}}],"collection":[{"href":"https:\/\/archiking.de\/shop\/wp-json\/wp\/v2\/pages"}],"about":[{"href":"https:\/\/archiking.de\/shop\/wp-json\/wp\/v2\/types\/page"}],"author":[{"embeddable":true,"href":"https:\/\/archiking.de\/shop\/wp-json\/wp\/v2\/users\/1"}],"replies":[{"embeddable":true,"href":"https:\/\/archiking.de\/shop\/wp-json\/wp\/v2\/comments?post=273"}],"version-history":[{"count":4,"href":"https:\/\/archiking.de\/shop\/wp-json\/wp\/v2\/pages\/273\/revisions"}],"predecessor-version":[{"id":336,"href":"https:\/\/archiking.de\/shop\/wp-json\/wp\/v2\/pages\/273\/revisions\/336"}],"wp:attachment":[{"href":"https:\/\/archiking.de\/shop\/wp-json\/wp\/v2\/media?parent=273"}],"curies":[{"name":"wp","href":"https:\/\/api.w.org\/{rel}","templated":true}]}}