{"id":291,"date":"2017-08-21T09:41:37","date_gmt":"2017-08-21T09:41:37","guid":{"rendered":"https:\/\/archiking.de\/?page_id=291"},"modified":"2018-09-16T05:30:22","modified_gmt":"2018-09-16T05:30:22","slug":"12-ost","status":"publish","type":"page","link":"https:\/\/archiking.de\/shop\/12-ost\/","title":{"rendered":"12\u00b0 Ost"},"content":{"rendered":"\t\t<div data-elementor-type=\"wp-page\" data-elementor-id=\"291\" class=\"elementor elementor-291 elementor-bc-flex-widget\">\n\t\t\t\t\t\t<section class=\"elementor-section elementor-top-section elementor-element elementor-element-a62ed34 elementor-section-boxed elementor-section-height-default elementor-section-height-default\" data-id=\"a62ed34\" data-element_type=\"section\" data-e-type=\"section\">\n\t\t\t\t\t\t<div class=\"elementor-container elementor-column-gap-default\">\n\t\t\t\t\t<div class=\"elementor-column elementor-col-100 elementor-top-column elementor-element elementor-element-8f7b218\" data-id=\"8f7b218\" data-element_type=\"column\" data-e-type=\"column\">\n\t\t\t<div class=\"elementor-widget-wrap elementor-element-populated\">\n\t\t\t\t\t\t<section class=\"elementor-section elementor-inner-section elementor-element elementor-element-6ebb750 elementor-section-boxed elementor-section-height-default elementor-section-height-default\" data-id=\"6ebb750\" data-element_type=\"section\" data-e-type=\"section\">\n\t\t\t\t\t\t<div class=\"elementor-container elementor-column-gap-default\">\n\t\t\t\t\t<div class=\"elementor-column elementor-col-50 elementor-inner-column elementor-element elementor-element-4e14e5b\" data-id=\"4e14e5b\" data-element_type=\"column\" data-e-type=\"column\">\n\t\t\t<div class=\"elementor-widget-wrap elementor-element-populated\">\n\t\t\t\t\t\t<div class=\"elementor-element elementor-element-c035d51 elementor-widget elementor-widget-text-editor\" data-id=\"c035d51\" data-element_type=\"widget\" data-e-type=\"widget\" data-widget_type=\"text-editor.default\">\n\t\t\t\t<div class=\"elementor-widget-container\">\n\t\t\t\t\t\t\t\t\t<p>Greiz liegt auf dem 12. L\u00e4ngengrad Ost, deshalb der Name den Stefan Schmidt f\u00fcr das\u00a0neue Stadtmagazin erfand.<br \/> Vor \u00fcber 10 Jahren hatte ich den Einfall, das es doch in und f\u00fcr Greiz ein Hochglanzmagazin geben m\u00fcsste. Ich sprach mit Antje-Gesine Marsch \u00fcber dieses Vorhaben. Da Sie jedoch mit ihrer Seite vogtlandspiegel.de nur Online t\u00e4tig sein wollte kam es nicht zu einer Zusammenarbeit f\u00fcr ein Print-Magazin.<br \/> Im Januar 2016 traf ich Stefan und Volker Schmidt im Vereinsheim der B\u00fcrgerinitiative &#8220;Weil wir Greiz lieben&#8221; in der Bebel 3. Ich erz\u00e4hlte beiden von dieser Idee und Sie waren begeistert davon. So fingen wir einfach an und es entwickelte sich. Es kamen neue Leute dazu, Robert Riedel zum Beispiel, der inzwischen unser Chefredakteur ist. Alle arbeiten ehrenamtlich mit hohem pers\u00f6nlichem Einsatz. Deshalb suchen wir Verst\u00e4rkung. Wenn Du Lust hast, Teil des ca. 12-k\u00f6pfigen Teams zu werden, dann komm doch mal Mittwochs\u00a0 um 18:30 in die August-Bebel-Str. 3 zu unseren Treffen. Bis bald.\u00a0<\/p>\t\t\t\t\t\t\t\t<\/div>\n\t\t\t\t<\/div>\n\t\t\t\t\t<\/div>\n\t\t<\/div>\n\t\t\t\t<div class=\"elementor-column elementor-col-50 elementor-inner-column elementor-element elementor-element-9f8a38f\" data-id=\"9f8a38f\" data-element_type=\"column\" data-e-type=\"column\">\n\t\t\t<div class=\"elementor-widget-wrap elementor-element-populated\">\n\t\t\t\t\t\t<div class=\"elementor-element elementor-element-28c922e elementor-widget elementor-widget-text-editor\" data-id=\"28c922e\" data-element_type=\"widget\" data-e-type=\"widget\" data-widget_type=\"text-editor.default\">\n\t\t\t\t<div class=\"elementor-widget-container\">\n\t\t\t\t\t\t\t\t\t<p>P.S. Am 15. August 2018 hat die Redaktion beschlossen, 12\u00b0 Ost vorerst auf Eis zu legen. Das Team hatte berufsbedingt einige Abg\u00e4nge zu beklagen und es sind kaum neue Leute dazugekommen.<\/p>\t\t\t\t\t\t\t\t<\/div>\n\t\t\t\t<\/div>\n\t\t\t\t\t<\/div>\n\t\t<\/div>\n\t\t\t\t\t<\/div>\n\t\t<\/section>\n\t\t\t\t\t<\/div>\n\t\t<\/div>\n\t\t\t\t\t<\/div>\n\t\t<\/section>\n\t\t\t\t<section class=\"elementor-section elementor-top-section elementor-element elementor-element-787d101 elementor-section-boxed elementor-section-height-default elementor-section-height-default\" data-id=\"787d101\" data-element_type=\"section\" data-e-type=\"section\">\n\t\t\t\t\t\t<div class=\"elementor-container elementor-column-gap-default\">\n\t\t\t\t\t<div class=\"elementor-column elementor-col-100 elementor-top-column elementor-element elementor-element-28ff582\" data-id=\"28ff582\" data-element_type=\"column\" data-e-type=\"column\">\n\t\t\t<div class=\"elementor-widget-wrap elementor-element-populated\">\n\t\t\t\t\t\t<div class=\"elementor-element elementor-element-5be1584 elementor-align-left elementor-widget elementor-widget-button\" data-id=\"5be1584\" data-element_type=\"widget\" data-e-type=\"widget\" data-widget_type=\"button.default\">\n\t\t\t\t<div class=\"elementor-widget-container\">\n\t\t\t\t\t\t\t\t\t<div class=\"elementor-button-wrapper\">\n\t\t\t\t\t<a class=\"elementor-button elementor-button-link elementor-size-xl\" href=\"http:\/\/www.greiz-magazin.de\" target=\"_blank\">\n\t\t\t\t\t\t<span class=\"elementor-button-content-wrapper\">\n\t\t\t\t\t\t\t\t\t<span class=\"elementor-button-text\">12\u00b0Ost im Netz<\/span>\n\t\t\t\t\t<\/span>\n\t\t\t\t\t<\/a>\n\t\t\t\t<\/div>\n\t\t\t\t\t\t\t\t<\/div>\n\t\t\t\t<\/div>\n\t\t\t\t\t<\/div>\n\t\t<\/div>\n\t\t\t\t\t<\/div>\n\t\t<\/section>\n\t\t\t\t<\/div>\n\t\t <div class=\"page_counter_label\"><span class=\"page_counter_text\" style=\"color:#000000;background:#FFFFFF;\">Total Page Visits: 3649 - Today Page Visits: 3<\/span><\/div>","protected":false},"excerpt":{"rendered":"<p>Greiz liegt auf dem 12. L\u00e4ngengrad Ost, deshalb der Name den Stefan Schmidt f\u00fcr das\u00a0neue Stadtmagazin erfand. Vor \u00fcber 10 Jahren hatte ich den Einfall, das es doch in und f\u00fcr Greiz ein Hochglanzmagazin geben m\u00fcsste. Ich sprach mit Antje-Gesine Marsch \u00fcber dieses Vorhaben. Da Sie jedoch mit ihrer Seite vogtlandspiegel.de nur Online t\u00e4tig sein [&hellip;]<\/p>\n","protected":false},"author":1,"featured_media":0,"parent":0,"menu_order":0,"comment_status":"closed","ping_status":"closed","template":"","meta":{"footnotes":""},"class_list":["post-291","page","type-page","status-publish","hentry"],"_links":{"self":[{"href":"https:\/\/archiking.de\/shop\/wp-json\/wp\/v2\/pages\/291","targetHints":{"allow":["GET"]}}],"collection":[{"href":"https:\/\/archiking.de\/shop\/wp-json\/wp\/v2\/pages"}],"about":[{"href":"https:\/\/archiking.de\/shop\/wp-json\/wp\/v2\/types\/page"}],"author":[{"embeddable":true,"href":"https:\/\/archiking.de\/shop\/wp-json\/wp\/v2\/users\/1"}],"replies":[{"embeddable":true,"href":"https:\/\/archiking.de\/shop\/wp-json\/wp\/v2\/comments?post=291"}],"version-history":[{"count":15,"href":"https:\/\/archiking.de\/shop\/wp-json\/wp\/v2\/pages\/291\/revisions"}],"predecessor-version":[{"id":1092,"href":"https:\/\/archiking.de\/shop\/wp-json\/wp\/v2\/pages\/291\/revisions\/1092"}],"wp:attachment":[{"href":"https:\/\/archiking.de\/shop\/wp-json\/wp\/v2\/media?parent=291"}],"curies":[{"name":"wp","href":"https:\/\/api.w.org\/{rel}","templated":true}]}}