{"id":413,"date":"2017-08-29T10:42:24","date_gmt":"2017-08-29T10:42:24","guid":{"rendered":"https:\/\/archiking.de\/?page_id=413"},"modified":"2017-08-29T15:59:27","modified_gmt":"2017-08-29T15:59:27","slug":"muenchen","status":"publish","type":"page","link":"https:\/\/archiking.de\/shop\/reisen\/muenchen\/","title":{"rendered":"M\u00fcnchen"},"content":{"rendered":"<div class=\"lp_teaser-content\">\n<p> Ein 4-t\u00e4giger Kurztrip f\u00fchrt mich im August 2017 nach M\u00fcnchen. Ich habe bei Travelzoo ein Bahnticket erworben, so dass ich f\u00fcr 17 \u20ac von Erfurt bis M\u00fcnchen und zur\u00fcck mit dem ICE fahren kann. Die Fahrt dauert ca. 4 Stunden mit Zwischenhalt in N\u00fcrnberg und Ingolstadt. Mein <a href=\"https:\/\/www.mkhotels.de\/de\/muenchen-city\/\" target=\"_blank\" rel=\"noopener\">Hotel<\/a> ist in Bahnhofsn\u00e4he in der Schillerstra\u00dfe, einem multikulturellen Stadtteil mit viele\u2026<\/p>\n<\/div>\n <div class=\"page_counter_label\"><span class=\"page_counter_text\" style=\"color:#000000;background:#FFFFFF;\">Total Page Visits: 3649 - Today Page Visits: 3<\/span><\/div>","protected":false},"excerpt":{"rendered":"<p>Ein 4-t\u00e4giger Kurztrip f\u00fchrt mich im August 2017 nach M\u00fcnchen. Ich habe bei Travelzoo ein Bahnticket erworben, so dass ich f\u00fcr 17 \u20ac von Erfurt bis M\u00fcnchen und zur\u00fcck mit dem ICE fahren kann. Die Fahrt dauert ca. 4 Stunden mit Zwischenhalt in N\u00fcrnberg und Ingolstadt. Mein Hotel ist in Bahnhofsn\u00e4he in der Schillerstra\u00dfe, einem [&hellip;]<\/p>\n","protected":false},"author":1,"featured_media":0,"parent":166,"menu_order":0,"comment_status":"closed","ping_status":"closed","template":"","meta":{"footnotes":""},"class_list":["post-413","page","type-page","status-publish","hentry"],"_links":{"self":[{"href":"https:\/\/archiking.de\/shop\/wp-json\/wp\/v2\/pages\/413","targetHints":{"allow":["GET"]}}],"collection":[{"href":"https:\/\/archiking.de\/shop\/wp-json\/wp\/v2\/pages"}],"about":[{"href":"https:\/\/archiking.de\/shop\/wp-json\/wp\/v2\/types\/page"}],"author":[{"embeddable":true,"href":"https:\/\/archiking.de\/shop\/wp-json\/wp\/v2\/users\/1"}],"replies":[{"embeddable":true,"href":"https:\/\/archiking.de\/shop\/wp-json\/wp\/v2\/comments?post=413"}],"version-history":[{"count":5,"href":"https:\/\/archiking.de\/shop\/wp-json\/wp\/v2\/pages\/413\/revisions"}],"predecessor-version":[{"id":430,"href":"https:\/\/archiking.de\/shop\/wp-json\/wp\/v2\/pages\/413\/revisions\/430"}],"up":[{"embeddable":true,"href":"https:\/\/archiking.de\/shop\/wp-json\/wp\/v2\/pages\/166"}],"wp:attachment":[{"href":"https:\/\/archiking.de\/shop\/wp-json\/wp\/v2\/media?parent=413"}],"curies":[{"name":"wp","href":"https:\/\/api.w.org\/{rel}","templated":true}]}}