{"id":977,"date":"2018-09-15T03:08:53","date_gmt":"2018-09-15T03:08:53","guid":{"rendered":"https:\/\/archiking.de\/?page_id=977"},"modified":"2018-09-15T05:36:22","modified_gmt":"2018-09-15T05:36:22","slug":"agb-und-widerruf","status":"publish","type":"page","link":"https:\/\/archiking.de\/shop\/shop\/agb-und-widerruf\/","title":{"rendered":"AGB und Widerruf"},"content":{"rendered":"<div class=\"lp_teaser-content\">\n<p>AGB und Widerrufsbelehrung Allgemeine Gesch\u00e4ftsbedingungen von archiking \u00a71 Geltung gegen\u00fcber Unternehmern und Begriffsdefinitionen (1) Die nachfolgenden Allgemeinen Gesch\u00e4ftbedingungen gelten f\u00fcr alle Lieferungen zwischen uns und einem Verbraucher in ihrer zum Zeitpunkt der Bestellung g\u00fcltigen Fassung. Verbraucher ist jede nat\u00fcrliche Person, die ein Rechtsgesch\u00e4ft zu Zwecken abschlie\u00dft, die \u00fcberwiegend weder ihrer gewerblichen noch ihrer selbst\u00e4ndigen beruflichen T\u00e4tigkeit zugerechnet werden k\u00f6nnen (\u2026<\/p>\n<\/div>\n <div class=\"page_counter_label\"><span class=\"page_counter_text\" style=\"color:#000000;background:#FFFFFF;\">Total Page Visits: 3664 - Today Page Visits: 1<\/span><\/div>","protected":false},"excerpt":{"rendered":"<p>AGB und Widerrufsbelehrung Allgemeine Gesch\u00e4ftsbedingungen von archiking \u00a71 Geltung gegen\u00fcber Unternehmern und Begriffsdefinitionen (1) Die nachfolgenden Allgemeinen Gesch\u00e4ftbedingungen gelten f\u00fcr alle Lieferungen zwischen uns und einem Verbraucher in ihrer zum Zeitpunkt der Bestellung g\u00fcltigen Fassung. Verbraucher ist jede nat\u00fcrliche Person, die ein Rechtsgesch\u00e4ft zu Zwecken abschlie\u00dft, die \u00fcberwiegend weder ihrer gewerblichen noch ihrer selbst\u00e4ndigen beruflichen [&hellip;]<\/p>\n","protected":false},"author":1,"featured_media":0,"parent":968,"menu_order":0,"comment_status":"closed","ping_status":"closed","template":"","meta":{"footnotes":""},"class_list":["post-977","page","type-page","status-publish","hentry"],"_links":{"self":[{"href":"https:\/\/archiking.de\/shop\/wp-json\/wp\/v2\/pages\/977","targetHints":{"allow":["GET"]}}],"collection":[{"href":"https:\/\/archiking.de\/shop\/wp-json\/wp\/v2\/pages"}],"about":[{"href":"https:\/\/archiking.de\/shop\/wp-json\/wp\/v2\/types\/page"}],"author":[{"embeddable":true,"href":"https:\/\/archiking.de\/shop\/wp-json\/wp\/v2\/users\/1"}],"replies":[{"embeddable":true,"href":"https:\/\/archiking.de\/shop\/wp-json\/wp\/v2\/comments?post=977"}],"version-history":[{"count":4,"href":"https:\/\/archiking.de\/shop\/wp-json\/wp\/v2\/pages\/977\/revisions"}],"predecessor-version":[{"id":1059,"href":"https:\/\/archiking.de\/shop\/wp-json\/wp\/v2\/pages\/977\/revisions\/1059"}],"up":[{"embeddable":true,"href":"https:\/\/archiking.de\/shop\/wp-json\/wp\/v2\/pages\/968"}],"wp:attachment":[{"href":"https:\/\/archiking.de\/shop\/wp-json\/wp\/v2\/media?parent=977"}],"curies":[{"name":"wp","href":"https:\/\/api.w.org\/{rel}","templated":true}]}}